{"id":3010,"date":"2018-10-16T21:38:29","date_gmt":"2018-10-16T19:38:29","guid":{"rendered":"https:\/\/www.globalmarshallplan.org\/?page_id=3010"},"modified":"2025-04-07T11:29:43","modified_gmt":"2025-04-07T09:29:43","slug":"team","status":"publish","type":"page","link":"https:\/\/www.globalmarshallplan.org\/en\/team\/","title":{"rendered":"Team"},"content":{"rendered":"<div id=\"cs-content\" class=\"cs-content\"><div class=\"x-section x-hide-md x-hide-sm x-hide-xs e3010-e1 m2bm-0\"><div class=\"x-container e3010-e2 m2bm-1 m2bm-2 m2bm-3 m2bm-4\"><div class=\"x-column x-sm x-1-1 e3010-e3 m2bm-8\"><nav class=\"x-crumbs x-hide-lg e3010-e4 m2bm-a m2bm-b m2bm-c\" role=\"navigation\"><ol class=\"x-crumbs-list\" itemscope=\"\" itemtype=\"http:\/\/schema.org\/BreadcrumbList\" aria-label=\"Breadcrumb Navigation\"><li class=\"x-crumbs-list-item\" itemprop=\"itemListElement\" itemscope itemtype=\"http:\/\/schema.org\/ListItem\"><a class=\"x-crumbs-current x-crumbs-link\" itemtype=\"http:\/\/schema.org\/Thing\" itemprop=\"item\" href=\"https:\/\/www.globalmarshallplan.org\/en\/\" title=\"You Are Here\"><span itemprop=\"name\">Home<\/span><\/a><meta itemprop=\"position\" content=\"1\"><\/li><\/ol><\/nav><nav class=\"x-crumbs x-hide-xl e3010-e5 m2bm-a m2bm-c m2bm-d\" role=\"navigation\"><ol class=\"x-crumbs-list\" itemscope=\"\" itemtype=\"http:\/\/schema.org\/BreadcrumbList\" aria-label=\"Breadcrumb Navigation\"><li class=\"x-crumbs-list-item\" itemprop=\"itemListElement\" itemscope itemtype=\"http:\/\/schema.org\/ListItem\"><a class=\"x-crumbs-current x-crumbs-link\" itemtype=\"http:\/\/schema.org\/Thing\" itemprop=\"item\" href=\"https:\/\/www.globalmarshallplan.org\/en\/\" title=\"You Are Here\"><span itemprop=\"name\">Home<\/span><\/a><meta itemprop=\"position\" content=\"1\"><\/li><\/ol><\/nav><div class=\"x-text x-text-headline e3010-e6 m2bm-h m2bm-i m2bm-j m2bm-k\"><div class=\"x-text-content\"><div class=\"x-text-content-text\"><h1 class=\"x-text-content-text-primary\">Team<\/h1>\n<\/div><\/div><\/div><div class=\"x-text x-text-headline e3010-e7 m2bm-j m2bm-l m2bm-m m2bm-n m2bm-o m2bm-p m2bm-q\"><div class=\"x-text-content\"><div class=\"x-text-content-text\"><h1 class=\"x-text-content-text-primary\">Wer wir sind.<\/h1>\n<\/div><\/div><\/div><hr class=\"x-line e3010-e8 m2bm-13 m2bm-14 m2bm-15\"\/><\/div><\/div><div class=\"x-container e3010-e9 m2bm-1 m2bm-3 m2bm-5\"><div class=\"x-column x-sm x-1-1 e3010-e10 m2bm-8 m2bm-9 architecture-portfolio-featured-work-image\" data-fade=\"1\" data-x-element=\"column\" data-x-params=\"{&quot;fade&quot;:true}\" style=\"opacity: 0; transform: translate(0, ); transition-duration: 1s;\"><div class=\"x-bg\" aria-hidden=\"true\"><div class=\"x-bg-layer-lower-image\" data-x-element-bg-layer=\"{&quot;parallaxSize&quot;:&quot;110%&quot;,&quot;parallaxDir&quot;:&quot;h&quot;,&quot;parallaxRev&quot;:false}\"><\/div><\/div><div class=\"x-text x-text-headline e3010-e11 m2bm-j m2bm-k m2bm-l m2bm-o m2bm-r m2bm-s m2bm-t\"><div class=\"x-text-content\"><div class=\"x-text-content-text\"><h1 class=\"x-text-content-text-primary\"><strong style=\"margin: 0px; padding: 0px; border: 0px #ebebeb; font-style: inherit; font-variant: inherit; font-stretch: inherit; font-size: inherit; line-height: inherit; font-family: inherit; vertical-align: baseline; color: inherit;\">Ingrid <br \/><\/strong><\/h1>\n<h2 class=\"x-text-content-text-subheadline\">Projektmanagerin<\/h2><\/div><\/div><\/div><hr class=\"x-line e3010-e12 m2bm-14 m2bm-16 m2bm-17 m2bm-18\"\/><div class=\"x-text x-content e3010-e13 m2bm-1a m2bm-1b m2bm-1c\"><p>Ingrid unterst\u00fctzt als Projektmanagerin in Teilzeit die Aktivit\u00e4ten der Gloabl Marshall Plan Inititaitve. Sie ist seit vielen Jahren in der NGO-Arbeit t\u00e4tig, u.a. in der Projektkoordination, als Bildungsreferentin und in der \u00d6ffentlichkeitsarbeit.<\/p>\n<p>Kontakt:<span>\u00a0<\/span><a href=\"mailto:info@globalmarshallplan.org\">info@globalmarshallplan.org<\/a><\/p><\/div><\/div><\/div><div class=\"x-container e3010-e14 m2bm-1 m2bm-2 m2bm-3 m2bm-6\"><\/div><div class=\"x-container e3010-e15 m2bm-1 m2bm-3 m2bm-5\"><\/div><div class=\"x-container e3010-e16 m2bm-1 m2bm-3 m2bm-5\"><\/div><div class=\"x-container e3010-e17 m2bm-1 m2bm-3 m2bm-5\"><\/div><\/div><div class=\"x-section x-hide-lg x-hide-sm x-hide-xl x-hide-xs e3010-e18 m2bm-0\"><div class=\"x-container e3010-e19 m2bm-2 m2bm-3 m2bm-4 m2bm-7\"><div class=\"x-column x-sm x-1-1 e3010-e20 m2bm-8\"><nav class=\"x-crumbs e3010-e21 m2bm-a m2bm-e m2bm-f\" role=\"navigation\"><ol class=\"x-crumbs-list\" itemscope=\"\" itemtype=\"http:\/\/schema.org\/BreadcrumbList\" aria-label=\"Breadcrumb Navigation\"><li class=\"x-crumbs-list-item\" itemprop=\"itemListElement\" itemscope itemtype=\"http:\/\/schema.org\/ListItem\"><a class=\"x-crumbs-current x-crumbs-link\" itemtype=\"http:\/\/schema.org\/Thing\" itemprop=\"item\" href=\"https:\/\/www.globalmarshallplan.org\/en\/\" title=\"You Are Here\"><span itemprop=\"name\">Home<\/span><\/a><meta itemprop=\"position\" content=\"1\"><\/li><\/ol><\/nav><div class=\"x-text x-text-headline e3010-e22 m2bm-h m2bm-j m2bm-k m2bm-u m2bm-v\"><div class=\"x-text-content\"><div class=\"x-text-content-text\"><h1 class=\"x-text-content-text-primary\">Team<\/h1>\n<\/div><\/div><\/div><div class=\"x-text x-text-headline e3010-e23 m2bm-j m2bm-m m2bm-o m2bm-p m2bm-q m2bm-w m2bm-x m2bm-y\"><div class=\"x-text-content\"><div class=\"x-text-content-text\"><h1 class=\"x-text-content-text-primary\">Wer wir sind.<\/h1>\n<\/div><\/div><\/div><hr class=\"x-line e3010-e24 m2bm-13 m2bm-14 m2bm-15\"\/><\/div><\/div><div class=\"x-container e3010-e25 m2bm-3 m2bm-5 m2bm-7\"><div class=\"x-column x-sm x-1-1 e3010-e26 m2bm-8 m2bm-9 architecture-portfolio-featured-work-image\" data-fade=\"1\" data-x-element=\"column\" data-x-params=\"{&quot;fade&quot;:true}\" style=\"opacity: 0; transform: translate(0, ); transition-duration: 1s;\"><div class=\"x-bg\" aria-hidden=\"true\"><div class=\"x-bg-layer-lower-image\" data-x-element-bg-layer=\"{&quot;parallaxSize&quot;:&quot;110%&quot;,&quot;parallaxDir&quot;:&quot;h&quot;,&quot;parallaxRev&quot;:false}\"><\/div><\/div><div class=\"x-text x-text-headline e3010-e27 m2bm-j m2bm-k m2bm-l m2bm-m m2bm-o m2bm-p m2bm-t m2bm-x m2bm-y m2bm-z\"><div class=\"x-text-content\"><div class=\"x-text-content-text\"><h1 class=\"x-text-content-text-primary\">Helge Bork<\/h1>\n<h2 class=\"x-text-content-text-subheadline\">Projektkoordinatorin<\/h2><\/div><\/div><\/div><hr class=\"x-line e3010-e28 m2bm-14 m2bm-16 m2bm-18 m2bm-19\"\/><div class=\"x-text x-content e3010-e29 m2bm-1a m2bm-1c m2bm-1d m2bm-1e\"><p>Helge studierte in Deutschland, Mexiko, Polen, England und den USA. Sie hat einen BA in Sprachen (University of Wolverhampton), einen MA in European Studies (Exeter University) und einen MA in Soziologie. Zus\u00e4tzlich absolvierte sie eine Weiterbildung in Internationalem Projektmanagement.<\/p>\n<p>Bevor Helge im Oktober 2003 ihre Arbeit im Koordinationsb\u00fcro aufnahm, arbeitete sie f\u00fcr verschiedene Firmen in Irland, Spanien und den USA.<\/p>\n<p><strong>Kontakt<\/strong>:<span>\u00a0<\/span><a href=\"mailto:helge.bork@globalmarshallplan.org\">helge.bork @ globalmarshallplan.org<\/a><\/p><\/div><\/div><\/div><div class=\"x-container e3010-e30 m2bm-3 m2bm-5 m2bm-7\"><div class=\"x-column x-sm x-1-1 e3010-e31 m2bm-8 m2bm-9 architecture-portfolio-featured-work-image\" data-fade=\"1\" data-x-element=\"column\" data-x-params=\"{&quot;fade&quot;:true}\" style=\"opacity: 0; transform: translate(0, ); transition-duration: 1s;\"><div class=\"x-bg\" aria-hidden=\"true\"><div class=\"x-bg-layer-lower-image\" data-x-element-bg-layer=\"{&quot;parallaxSize&quot;:&quot;110%&quot;,&quot;parallaxDir&quot;:&quot;h&quot;,&quot;parallaxRev&quot;:false}\"><\/div><\/div><div class=\"x-text x-text-headline e3010-e32 m2bm-j m2bm-k m2bm-l m2bm-o m2bm-p m2bm-r m2bm-t m2bm-x m2bm-y m2bm-z\"><div class=\"x-text-content\"><div class=\"x-text-content-text\"><h1 class=\"x-text-content-text-primary\">Maike Grundmann<\/h1>\n<h2 class=\"x-text-content-text-subheadline\">B\u00fcroleitung Tutzing<\/h2><\/div><\/div><\/div><hr class=\"x-line e3010-e33 m2bm-14 m2bm-16 m2bm-18 m2bm-19\"\/><div class=\"x-text x-content e3010-e34 m2bm-1a m2bm-1c m2bm-1d m2bm-1e\"><p>Maike schloss im Mai 2005 ihr Studium an der FH Frankfurt als Dipl.-Betriebswirtin ab. Sie absolvierte ein Auslandssemester an der Universit\u00e4t Wien und ein studienintegriertes Praxissemester beim Umweltbundesamt. In ihrer Diplomarbeit befasste sich Maike mit der Umsetzung des CO2-Emissionshandels.<\/p>\n<p>Nach ihrem Studium arbeitete sie f\u00fcr verschiedene Firmen und verbrachte ein Jahr in Neuseeland. Maike arbeitet seit Mai 2007 f\u00fcr die Global Marshall Plan Foundation.<\/p>\n<p><strong>Kontakt<\/strong>:<span>\u00a0<\/span><a href=\"mailto:maike.grundmann@globalmarshallplan.org\">maike.grundmann @ globalmarshallplan.org<\/a><\/p><\/div><\/div><\/div><div class=\"x-container e3010-e35 m2bm-3 m2bm-5 m2bm-7\"><div class=\"x-column x-sm x-1-1 e3010-e36 m2bm-8 m2bm-9 architecture-portfolio-featured-work-image\" data-fade=\"1\" data-x-element=\"column\" data-x-params=\"{&quot;fade&quot;:true}\" style=\"opacity: 0; transform: translate(0, ); transition-duration: 1s;\"><div class=\"x-bg\" aria-hidden=\"true\"><div class=\"x-bg-layer-lower-image\" data-x-element-bg-layer=\"{&quot;parallaxSize&quot;:&quot;110%&quot;,&quot;parallaxDir&quot;:&quot;h&quot;,&quot;parallaxRev&quot;:false}\"><\/div><\/div><div class=\"x-text x-text-headline e3010-e37 m2bm-j m2bm-k m2bm-l m2bm-o m2bm-p m2bm-r m2bm-t m2bm-x m2bm-y m2bm-z\"><div class=\"x-text-content\"><div class=\"x-text-content-text\"><h1 class=\"x-text-content-text-primary\">Sabine Neumayr<\/h1>\n<h2 class=\"x-text-content-text-subheadline\">Logistik<\/h2><\/div><\/div><\/div><hr class=\"x-line e3010-e38 m2bm-14 m2bm-16 m2bm-18 m2bm-19\"\/><div class=\"x-text x-content e3010-e39 m2bm-1a m2bm-1c m2bm-1d m2bm-1e\"><p>Sabine schloss 1993 ihre Ausbildung zur staatlich anerkannten Erzieherin ab. Anschlie\u00dfend arbeitete sie in einem SOS-Kinderdorf-Kindergarten. Von 1995 bis 1997 leitete sie die Hermann-Gmeiner-Kindertagesst\u00e4tte des SOS-Kinderdorfes in Die\u00dfen.<\/p>\n<p>Nach der Geburt ihrer beiden S\u00f6hne arbeitete sie von 2001 bis 2007 in einem katholischen Kindergarten in P\u00e4hl. Sabine ist seit September 2007 bei der Global Marshall Plan Foundation im Bereich Logistik f\u00fcr den Buchversand zust\u00e4ndig.<\/p>\n<p><strong>Kontakt<\/strong>:<span>\u00a0<\/span><a href=\"mailto:sabine.neumayr@globalmarshallplan.org\">sabine.neumayr @ globalmarshallplan.org<\/a><\/p><\/div><\/div><\/div><div class=\"x-container e3010-e40 m2bm-3 m2bm-5 m2bm-7\"><div class=\"x-column x-sm x-1-1 e3010-e41 m2bm-8 m2bm-9 architecture-portfolio-featured-work-image\" data-fade=\"1\" data-x-element=\"column\" data-x-params=\"{&quot;fade&quot;:true}\" style=\"opacity: 0; transform: translate(0, ); transition-duration: 1s;\"><div class=\"x-bg\" aria-hidden=\"true\"><div class=\"x-bg-layer-lower-image\" data-x-element-bg-layer=\"{&quot;parallaxSize&quot;:&quot;110%&quot;,&quot;parallaxDir&quot;:&quot;h&quot;,&quot;parallaxRev&quot;:false}\"><\/div><\/div><div class=\"x-text x-text-headline e3010-e42 m2bm-j m2bm-k m2bm-l m2bm-o m2bm-p m2bm-r m2bm-t m2bm-x m2bm-y m2bm-z\"><div class=\"x-text-content\"><div class=\"x-text-content-text\"><h1 class=\"x-text-content-text-primary\"><strong style=\"margin: 0px; padding: 0px; border: 0px #ebebeb; font-style: inherit; font-variant: inherit; font-stretch: inherit; font-size: inherit; line-height: inherit; font-family: inherit; vertical-align: baseline; color: inherit;\">Ingrid Banciu<\/strong><\/h1>\n<h2 class=\"x-text-content-text-subheadline\">Projektmanagerin<\/h2><\/div><\/div><\/div><hr class=\"x-line e3010-e43 m2bm-14 m2bm-16 m2bm-18 m2bm-19\"\/><div class=\"x-text x-content e3010-e44 m2bm-1a m2bm-1c m2bm-1d m2bm-1e\"><p>Ingrid unterst\u00fctzt als Projektmanagerin die Aktivit\u00e4ten der Gloabl Marshall Plan Inititaitve. Sie ist in den<br \/>\nBereichen Public Relations, Stiftungsmanagement und in der Politischen Bildung t\u00e4tig<\/p>\n<p>Ingrid hat ihr Studium der Politikwissenschaft und Neueren und Neuesten Geschichte Europas mit einem B.A. und M.A. abgeschlossen. Danach absolvierte sie ein Volontariat in den Bereichen Stiftungsmanagement und Public Relations bei der ZEIT-Stiftung und war im Anschluss als freie PR-Referentin t\u00e4tig. Zudem ist sie lange Zeit ehrenamtlich in der Politischen Bildung aktiv gewesen und leitete Seminare zu Interkultureller Kompetenz und Entwicklungspolitik f\u00fcr das \u201eweltw\u00e4rts\u201c-Prorgamm des BMZ und diverse andere NGOs.<\/p>\n\n<p>Kontakt:<span>\u00a0<\/span><a href=\"mailto:ingrid.banciu@globalmarshallplan.org\">ingrid.banciu@globalmarshallplan.org<\/a><\/p><\/div><\/div><\/div><div class=\"x-container e3010-e45 m2bm-3 m2bm-5 m2bm-7\"><div class=\"x-column x-sm x-1-1 e3010-e46 m2bm-8 m2bm-9 architecture-portfolio-featured-work-image\" data-fade=\"1\" data-x-element=\"column\" data-x-params=\"{&quot;fade&quot;:true}\" style=\"opacity: 0; transform: translate(0, ); transition-duration: 1s;\"><div class=\"x-bg\" aria-hidden=\"true\"><div class=\"x-bg-layer-lower-image\" data-x-element-bg-layer=\"{&quot;parallaxSize&quot;:&quot;110%&quot;,&quot;parallaxDir&quot;:&quot;h&quot;,&quot;parallaxRev&quot;:false}\"><\/div><\/div><div class=\"x-text x-text-headline e3010-e47 m2bm-j m2bm-k m2bm-l m2bm-o m2bm-p m2bm-r m2bm-t m2bm-x m2bm-y m2bm-z\"><div class=\"x-text-content\"><div class=\"x-text-content-text\"><h1 class=\"x-text-content-text-primary\">Luba Karabadjakova<\/h1>\n<h2 class=\"x-text-content-text-subheadline\">Teamassistenz<\/h2><\/div><\/div><\/div><hr class=\"x-line e3010-e48 m2bm-14 m2bm-16 m2bm-18 m2bm-19\"\/><div class=\"x-text x-content e3010-e49 m2bm-1a m2bm-1c m2bm-1d m2bm-1e\"><p>Luba ist unsere Teamassistenz. Sie kommt aus Bulgarien und hat in Sofia und M\u00fcnchen\u00a0 Kultur- und Kunstgeschichte studiert. Bevor sie 2016 zu uns kam, war sie f\u00fcr verschiedene Projekte freiberuflich und ehrenamtlich t\u00e4tig.<\/p>\n<p>Sie ist Ansprechparterin f\u00fcr alle Fragen rund um das Thema Praktikum.<\/p>\n<p>Luba ist erreichbar unter<span>\u00a0<\/span><a href=\"mailto:jan.pingel@globalmarshallplan.org\">luba.karabadjakova@globalmarshallplan.org<\/a><\/p><\/div><\/div><\/div><\/div><div class=\"x-section x-hide-lg x-hide-md x-hide-xl e3010-e50 m2bm-0\"><div class=\"x-container e3010-e51 m2bm-2 m2bm-3 m2bm-4 m2bm-7\"><div class=\"x-column x-sm x-1-1 e3010-e52 m2bm-8\"><nav class=\"x-crumbs e3010-e53 m2bm-a m2bm-e m2bm-g\" role=\"navigation\"><ol class=\"x-crumbs-list\" itemscope=\"\" itemtype=\"http:\/\/schema.org\/BreadcrumbList\" aria-label=\"Breadcrumb Navigation\"><li class=\"x-crumbs-list-item\" itemprop=\"itemListElement\" itemscope itemtype=\"http:\/\/schema.org\/ListItem\"><a class=\"x-crumbs-current x-crumbs-link\" itemtype=\"http:\/\/schema.org\/Thing\" itemprop=\"item\" href=\"https:\/\/www.globalmarshallplan.org\/en\/\" title=\"You Are Here\"><span itemprop=\"name\">Home<\/span><\/a><meta itemprop=\"position\" content=\"1\"><\/li><\/ol><\/nav><div class=\"x-text x-text-headline e3010-e54 m2bm-h m2bm-j m2bm-k m2bm-v m2bm-10\"><div class=\"x-text-content\"><div class=\"x-text-content-text\"><h1 class=\"x-text-content-text-primary\">Team<\/h1>\n<\/div><\/div><\/div><div class=\"x-text x-text-headline e3010-e55 m2bm-j m2bm-m m2bm-o m2bm-p m2bm-q m2bm-x m2bm-11 m2bm-12\"><div class=\"x-text-content\"><div class=\"x-text-content-text\"><h1 class=\"x-text-content-text-primary\">Wer wir sind.<\/h1>\n<\/div><\/div><\/div><hr class=\"x-line e3010-e56 m2bm-13 m2bm-14 m2bm-15\"\/><\/div><\/div><div class=\"x-container e3010-e57 m2bm-3 m2bm-5 m2bm-7\"><div class=\"x-column x-sm x-1-1 e3010-e58 m2bm-8 m2bm-9 architecture-portfolio-featured-work-image\" data-fade=\"1\" data-x-element=\"column\" data-x-params=\"{&quot;fade&quot;:true}\" style=\"opacity: 0; transform: translate(0, ); transition-duration: 1s;\"><div class=\"x-bg\" aria-hidden=\"true\"><div class=\"x-bg-layer-lower-image\" data-x-element-bg-layer=\"{&quot;parallaxSize&quot;:&quot;110%&quot;,&quot;parallaxDir&quot;:&quot;h&quot;,&quot;parallaxRev&quot;:false}\"><\/div><\/div><div class=\"x-text x-text-headline e3010-e59 m2bm-j m2bm-k m2bm-l m2bm-m m2bm-o m2bm-p m2bm-t m2bm-x m2bm-z m2bm-12\"><div class=\"x-text-content\"><div class=\"x-text-content-text\"><h1 class=\"x-text-content-text-primary\">Helge Bork<\/h1>\n<h2 class=\"x-text-content-text-subheadline\">Projektkoordinatorin<\/h2><\/div><\/div><\/div><hr class=\"x-line e3010-e60 m2bm-13 m2bm-14 m2bm-18\"\/><div class=\"x-text x-content e3010-e61 m2bm-1a m2bm-1e m2bm-1f m2bm-1g\"><p>Helge studierte in Deutschland, Mexiko, Polen, England und den USA. Sie hat einen BA in Sprachen (University of Wolverhampton), einen MA in European Studies (Exeter University) und einen MA in Soziologie. Zus\u00e4tzlich absolvierte sie eine Weiterbildung in Internationalem Projektmanagement.<\/p>\n<p>Bevor Helge im Oktober 2003 ihre Arbeit im Koordinationsb\u00fcro aufnahm, arbeitete sie f\u00fcr verschiedene Firmen in Irland, Spanien und den USA.<\/p>\n<p><strong>Kontakt<\/strong>:<span>\u00a0<\/span><a href=\"mailto:helge.bork@globalmarshallplan.org\">helge.bork @ globalmarshallplan.org<\/a><\/p><\/div><\/div><\/div><div class=\"x-container e3010-e62 m2bm-3 m2bm-5 m2bm-7\"><div class=\"x-column x-sm x-1-1 e3010-e63 m2bm-8 m2bm-9 architecture-portfolio-featured-work-image\" data-fade=\"1\" data-x-element=\"column\" data-x-params=\"{&quot;fade&quot;:true}\" style=\"opacity: 0; transform: translate(0, ); transition-duration: 1s;\"><div class=\"x-bg\" aria-hidden=\"true\"><div class=\"x-bg-layer-lower-image\" data-x-element-bg-layer=\"{&quot;parallaxSize&quot;:&quot;110%&quot;,&quot;parallaxDir&quot;:&quot;h&quot;,&quot;parallaxRev&quot;:false}\"><\/div><\/div><div class=\"x-text x-text-headline e3010-e64 m2bm-j m2bm-k m2bm-l m2bm-o m2bm-p m2bm-r m2bm-t m2bm-x m2bm-z m2bm-12\"><div class=\"x-text-content\"><div class=\"x-text-content-text\"><h1 class=\"x-text-content-text-primary\">Maike Grundmann<\/h1>\n<h2 class=\"x-text-content-text-subheadline\">B\u00fcroleitung Tutzing<\/h2><\/div><\/div><\/div><hr class=\"x-line e3010-e65 m2bm-13 m2bm-14 m2bm-18\"\/><div class=\"x-text x-content e3010-e66 m2bm-1a m2bm-1e m2bm-1f m2bm-1g\"><p>Maike schloss im Mai 2005 ihr Studium an der FH Frankfurt als Dipl.-Betriebswirtin ab. Sie absolvierte ein Auslandssemester an der Universit\u00e4t Wien und ein studienintegriertes Praxissemester beim Umweltbundesamt. In ihrer Diplomarbeit befasste sich Maike mit der Umsetzung des CO2-Emissionshandels.<\/p>\n<p>Nach ihrem Studium arbeitete sie f\u00fcr verschiedene Firmen und verbrachte ein Jahr in Neuseeland. Maike arbeitet seit Mai 2007 f\u00fcr die Global Marshall Plan Foundation.<\/p>\n<p><strong>Kontakt<\/strong>:<span>\u00a0<\/span><a href=\"mailto:maike.grundmann@globalmarshallplan.org\">maike.grundmann @ globalmarshallplan.org<\/a><\/p><\/div><\/div><\/div><div class=\"x-container e3010-e67 m2bm-3 m2bm-5 m2bm-7\"><div class=\"x-column x-sm x-1-1 e3010-e68 m2bm-8 m2bm-9 architecture-portfolio-featured-work-image\" data-fade=\"1\" data-x-element=\"column\" data-x-params=\"{&quot;fade&quot;:true}\" style=\"opacity: 0; transform: translate(0, ); transition-duration: 1s;\"><div class=\"x-bg\" aria-hidden=\"true\"><div class=\"x-bg-layer-lower-image\" data-x-element-bg-layer=\"{&quot;parallaxSize&quot;:&quot;110%&quot;,&quot;parallaxDir&quot;:&quot;h&quot;,&quot;parallaxRev&quot;:false}\"><\/div><\/div><div class=\"x-text x-text-headline e3010-e69 m2bm-j m2bm-k m2bm-l m2bm-o m2bm-p m2bm-r m2bm-t m2bm-x m2bm-z m2bm-12\"><div class=\"x-text-content\"><div class=\"x-text-content-text\"><h1 class=\"x-text-content-text-primary\">Sabine Neumayr<\/h1>\n<h2 class=\"x-text-content-text-subheadline\">Logistik<\/h2><\/div><\/div><\/div><hr class=\"x-line e3010-e70 m2bm-13 m2bm-14 m2bm-18\"\/><div class=\"x-text x-content e3010-e71 m2bm-1a m2bm-1e m2bm-1f m2bm-1g\"><p>Sabine schloss 1993 ihre Ausbildung zur staatlich anerkannten Erzieherin ab. Anschlie\u00dfend arbeitete sie in einem SOS-Kinderdorf-Kindergarten. Von 1995 bis 1997 leitete sie die Hermann-Gmeiner-Kindertagesst\u00e4tte des SOS-Kinderdorfes in Die\u00dfen.<\/p>\n<p>Nach der Geburt ihrer beiden S\u00f6hne arbeitete sie von 2001 bis 2007 in einem katholischen Kindergarten in P\u00e4hl. Sabine ist seit September 2007 bei der Global Marshall Plan Foundation im Bereich Logistik f\u00fcr den Buchversand zust\u00e4ndig.<\/p>\n<p><strong>Kontakt<\/strong>:<span>\u00a0<\/span><a href=\"mailto:sabine.neumayr@globalmarshallplan.org\">sabine.neumayr @ globalmarshallplan.org<\/a><\/p><\/div><\/div><\/div><div class=\"x-container e3010-e72 m2bm-3 m2bm-5 m2bm-7\"><div class=\"x-column x-sm x-1-1 e3010-e73 m2bm-8 m2bm-9 architecture-portfolio-featured-work-image\" data-fade=\"1\" data-x-element=\"column\" data-x-params=\"{&quot;fade&quot;:true}\" style=\"opacity: 0; transform: translate(0, ); transition-duration: 1s;\"><div class=\"x-bg\" aria-hidden=\"true\"><div class=\"x-bg-layer-lower-image\" data-x-element-bg-layer=\"{&quot;parallaxSize&quot;:&quot;110%&quot;,&quot;parallaxDir&quot;:&quot;h&quot;,&quot;parallaxRev&quot;:false}\"><\/div><\/div><div class=\"x-text x-text-headline e3010-e74 m2bm-j m2bm-k m2bm-l m2bm-o m2bm-p m2bm-r m2bm-t m2bm-x m2bm-z m2bm-12\"><div class=\"x-text-content\"><div class=\"x-text-content-text\"><h1 class=\"x-text-content-text-primary\"><strong style=\"margin: 0px; padding: 0px; border: 0px #ebebeb; font-style: inherit; font-variant: inherit; font-stretch: inherit; font-size: inherit; line-height: inherit; font-family: inherit; vertical-align: baseline; color: inherit;\">Ingrid Banciu<\/strong><\/h1>\n<h2 class=\"x-text-content-text-subheadline\">Projektmanagerin<\/h2><\/div><\/div><\/div><hr class=\"x-line e3010-e75 m2bm-13 m2bm-14 m2bm-18\"\/><div class=\"x-text x-content e3010-e76 m2bm-1a m2bm-1e m2bm-1f m2bm-1g\"><p>Ingrid unterst\u00fctzt als Projektmanagerin die Aktivit\u00e4ten der Gloabl Marshall Plan Inititaitve. Sie ist in den<br \/>\nBereichen Public Relations, Stiftungsmanagement und in der Politischen Bildung t\u00e4tig<\/p>\n<p>Ingrid hat ihr Studium der Politikwissenschaft und Neueren und Neuesten Geschichte Europas mit einem B.A. und M.A. abgeschlossen. Danach absolvierte sie ein Volontariat in den Bereichen Stiftungsmanagement und Public Relations bei der ZEIT-Stiftung und war im Anschluss als freie PR-Referentin t\u00e4tig. Zudem ist sie lange Zeit ehrenamtlich in der Politischen Bildung aktiv gewesen und leitete Seminare zu Interkultureller Kompetenz und Entwicklungspolitik f\u00fcr das \u201eweltw\u00e4rts\u201c-Prorgamm des BMZ und diverse andere NGOs.<\/p>\n\n<p>Kontakt:<span>\u00a0<\/span><a href=\"mailto:ingrid.banciu@globalmarshallplan.org\">ingrid.banciu@globalmarshallplan.org<\/a><\/p><\/div><\/div><\/div><div class=\"x-container e3010-e77 m2bm-3 m2bm-5 m2bm-7\"><div class=\"x-column x-sm x-1-1 e3010-e78 m2bm-8 m2bm-9 architecture-portfolio-featured-work-image\" data-fade=\"1\" data-x-element=\"column\" data-x-params=\"{&quot;fade&quot;:true}\" style=\"opacity: 0; transform: translate(0, ); transition-duration: 1s;\"><div class=\"x-bg\" aria-hidden=\"true\"><div class=\"x-bg-layer-lower-image\" data-x-element-bg-layer=\"{&quot;parallaxSize&quot;:&quot;110%&quot;,&quot;parallaxDir&quot;:&quot;h&quot;,&quot;parallaxRev&quot;:false}\"><\/div><\/div><div class=\"x-text x-text-headline e3010-e79 m2bm-j m2bm-k m2bm-l m2bm-o m2bm-p m2bm-r m2bm-t m2bm-x m2bm-z m2bm-12\"><div class=\"x-text-content\"><div class=\"x-text-content-text\"><h1 class=\"x-text-content-text-primary\">Luba Karabadjakova<\/h1>\n<h2 class=\"x-text-content-text-subheadline\">Teamassistenz<\/h2><\/div><\/div><\/div><hr class=\"x-line e3010-e80 m2bm-13 m2bm-14 m2bm-18\"\/><div class=\"x-text x-content e3010-e81 m2bm-1a m2bm-1c m2bm-1e m2bm-1f\"><p>Luba ist unsere Teamassistenz. Sie kommt aus Bulgarien und hat in Sofia und M\u00fcnchen\u00a0 Kultur- und Kunstgeschichte studiert. Bevor sie 2016 zu uns kam, war sie f\u00fcr verschiedene Projekte freiberuflich und ehrenamtlich t\u00e4tig.<\/p>\n<p>Sie ist Ansprechparterin f\u00fcr alle Fragen rund um das Thema Praktikum.<\/p>\n<p>Luba ist erreichbar unter<span>\u00a0<\/span><a href=\"mailto:jan.pingel@globalmarshallplan.org\">luba.karabadjakova@globalmarshallplan.org<\/a><\/p><\/div><\/div><\/div><\/div><\/div>\n","protected":false},"excerpt":{"rendered":"<p>HomeHomeTeam Wer wir sind. Ingrid ProjektmanagerinIngrid unterst\u00fctzt als Projektmanagerin in Teilzeit die Aktivit\u00e4ten der Gloabl Marshall Plan Inititaitve. Sie ist seit vielen Jahren in der NGO-Arbeit t\u00e4tig, u.a. in der Projektkoordination, als Bildungsreferentin und in der \u00d6ffentlichkeitsarbeit. Kontakt:\u00a0info@globalmarshallplan.orgHomeTeam Wer wir &#8230; <a href=\"https:\/\/www.globalmarshallplan.org\/en\/team\/\" class=\"more-link\">Read More<\/a><\/p>\n","protected":false},"author":1,"featured_media":0,"parent":0,"menu_order":0,"comment_status":"closed","ping_status":"closed","template":"template-blank-4.php","meta":{"give_campaign_id":0,"footnotes":""},"class_list":["post-3010","page","type-page","status-publish","hentry","no-post-thumbnail"],"campaignId":"","_links":{"self":[{"href":"https:\/\/www.globalmarshallplan.org\/en\/wp-json\/wp\/v2\/pages\/3010","targetHints":{"allow":["GET"]}}],"collection":[{"href":"https:\/\/www.globalmarshallplan.org\/en\/wp-json\/wp\/v2\/pages"}],"about":[{"href":"https:\/\/www.globalmarshallplan.org\/en\/wp-json\/wp\/v2\/types\/page"}],"author":[{"embeddable":true,"href":"https:\/\/www.globalmarshallplan.org\/en\/wp-json\/wp\/v2\/users\/1"}],"replies":[{"embeddable":true,"href":"https:\/\/www.globalmarshallplan.org\/en\/wp-json\/wp\/v2\/comments?post=3010"}],"version-history":[{"count":5,"href":"https:\/\/www.globalmarshallplan.org\/en\/wp-json\/wp\/v2\/pages\/3010\/revisions"}],"predecessor-version":[{"id":5729,"href":"https:\/\/www.globalmarshallplan.org\/en\/wp-json\/wp\/v2\/pages\/3010\/revisions\/5729"}],"wp:attachment":[{"href":"https:\/\/www.globalmarshallplan.org\/en\/wp-json\/wp\/v2\/media?parent=3010"}],"curies":[{"name":"wp","href":"https:\/\/api.w.org\/{rel}","templated":true}]}}