{"id":2968,"date":"2018-10-16T15:47:48","date_gmt":"2018-10-16T13:47:48","guid":{"rendered":"https:\/\/www.globalmarshallplan.org\/?page_id=2968"},"modified":"2019-10-08T12:37:49","modified_gmt":"2019-10-08T10:37:49","slug":"material","status":"publish","type":"page","link":"https:\/\/www.globalmarshallplan.org\/en\/aktiv-werden\/material\/","title":{"rendered":"Material"},"content":{"rendered":"<div id=\"cs-content\" class=\"cs-content\"><\/div>\n","protected":false},"excerpt":{"rendered":"<p>Material Verteilen Sie Flyer!Es gibt viele M\u00f6glichkeiten, Global Marshall Plan Flyer zu verteilen: Auf Veranstaltungen, an der Uni, in Gesch\u00e4ften, etc. Damit helfen Sie fast ohne Aufwand, die Idee eines Global Marshall Plans zu verbreiten. Sie k\u00f6nnen die Flyer hier &#8230; <a href=\"https:\/\/www.globalmarshallplan.org\/en\/aktiv-werden\/material\/\" class=\"more-link\">Read More<\/a><\/p>\n","protected":false},"author":1,"featured_media":0,"parent":289,"menu_order":0,"comment_status":"closed","ping_status":"closed","template":"template-blank-4.php","meta":{"give_campaign_id":0,"footnotes":""},"class_list":["post-2968","page","type-page","status-publish","hentry","no-post-thumbnail"],"campaignId":"","_links":{"self":[{"href":"https:\/\/www.globalmarshallplan.org\/en\/wp-json\/wp\/v2\/pages\/2968","targetHints":{"allow":["GET"]}}],"collection":[{"href":"https:\/\/www.globalmarshallplan.org\/en\/wp-json\/wp\/v2\/pages"}],"about":[{"href":"https:\/\/www.globalmarshallplan.org\/en\/wp-json\/wp\/v2\/types\/page"}],"author":[{"embeddable":true,"href":"https:\/\/www.globalmarshallplan.org\/en\/wp-json\/wp\/v2\/users\/1"}],"replies":[{"embeddable":true,"href":"https:\/\/www.globalmarshallplan.org\/en\/wp-json\/wp\/v2\/comments?post=2968"}],"version-history":[{"count":0,"href":"https:\/\/www.globalmarshallplan.org\/en\/wp-json\/wp\/v2\/pages\/2968\/revisions"}],"up":[{"embeddable":true,"href":"https:\/\/www.globalmarshallplan.org\/en\/wp-json\/wp\/v2\/pages\/289"}],"wp:attachment":[{"href":"https:\/\/www.globalmarshallplan.org\/en\/wp-json\/wp\/v2\/media?parent=2968"}],"curies":[{"name":"wp","href":"https:\/\/api.w.org\/{rel}","templated":true}]}}