{"id":2932,"date":"2018-10-16T14:48:12","date_gmt":"2018-10-16T12:48:12","guid":{"rendered":"https:\/\/www.globalmarshallplan.org\/?page_id=2932"},"modified":"2025-02-11T07:07:18","modified_gmt":"2025-02-11T06:07:18","slug":"foundation","status":"publish","type":"page","link":"https:\/\/www.globalmarshallplan.org\/en\/foundation\/","title":{"rendered":"Foundation"},"content":{"rendered":"<div id=\"cs-content\" class=\"cs-content\"><div class=\"x-section x-hide-md x-hide-sm x-hide-xs e2932-e1 m29g-0\"><div class=\"x-container e2932-e2 m29g-1 m29g-2 m29g-3\"><div class=\"x-column x-sm x-1-1 e2932-e3 m29g-6\"><nav class=\"x-crumbs x-hide-lg e2932-e4 m29g-8 m29g-9 m29g-a\" role=\"navigation\"><ol class=\"x-crumbs-list\" itemscope=\"\" itemtype=\"http:\/\/schema.org\/BreadcrumbList\" aria-label=\"Breadcrumb Navigation\"><li class=\"x-crumbs-list-item\" itemprop=\"itemListElement\" itemscope itemtype=\"http:\/\/schema.org\/ListItem\"><a class=\"x-crumbs-current x-crumbs-link\" itemtype=\"http:\/\/schema.org\/Thing\" itemprop=\"item\" href=\"https:\/\/www.globalmarshallplan.org\/en\/\" title=\"You Are Here\"><span itemprop=\"name\">Home<\/span><\/a><meta itemprop=\"position\" content=\"1\"><\/li><\/ol><\/nav><nav class=\"x-crumbs x-hide-xl e2932-e5 m29g-8 m29g-a m29g-b\" role=\"navigation\"><ol class=\"x-crumbs-list\" itemscope=\"\" itemtype=\"http:\/\/schema.org\/BreadcrumbList\" aria-label=\"Breadcrumb Navigation\"><li class=\"x-crumbs-list-item\" itemprop=\"itemListElement\" itemscope itemtype=\"http:\/\/schema.org\/ListItem\"><a class=\"x-crumbs-current x-crumbs-link\" itemtype=\"http:\/\/schema.org\/Thing\" itemprop=\"item\" href=\"https:\/\/www.globalmarshallplan.org\/en\/\" title=\"You Are Here\"><span itemprop=\"name\">Home<\/span><\/a><meta itemprop=\"position\" content=\"1\"><\/li><\/ol><\/nav><div class=\"x-text x-text-headline e2932-e6 m29g-f m29g-g m29g-h m29g-i\"><div class=\"x-text-content\"><div class=\"x-text-content-text\"><h1 class=\"x-text-content-text-primary\">Die Global Marshall Plan Foundation<\/h1>\n<\/div><\/div><\/div><div class=\"x-text x-text-headline e2932-e7 m29g-h m29g-j m29g-k m29g-l\"><div class=\"x-text-content\"><div class=\"x-text-content-text\"><h1 class=\"x-text-content-text-primary\">Anpacken f&uuml;r eine Welt in Balance.<\/h1>\n<\/div><\/div><\/div><hr class=\"x-line e2932-e8 m29g-s m29g-t\"\/><\/div><\/div><div class=\"x-container e2932-e9 m29g-1 m29g-3 m29g-4 architecture-portfolio-featured-work-row\"><div class=\"x-column x-sm x-1-1 e2932-e10 m29g-6 m29g-7 architecture-portfolio-featured-work-image\" data-fade=\"1\" data-x-element=\"column\" data-x-params=\"{&quot;fade&quot;:true}\" style=\"opacity: 0; transform: translate(-, 0); transition-duration: 1s;\"><div class=\"x-text x-content e2932-e11 m29g-v m29g-w\"><p>Die Global Marshall Plan Foundation moderiert und koordiniert Prozesse zur Erarbeitung gemeinsamer und ganzheitlicher Visionen zur L\u00f6sung der globalen Probleme, an denen neben Vertretern aus Zivilgesellschaft auch Vertreter aus Wirtschaft und Politik mitwirken.<\/p>\n<p>Gegr\u00fcndet von Karolin und Frithjof Finkbeiner im Jahre 2003, besteht ihre Hauptaufgabe in der organisatorischen und finanziellen Unterst\u00fctzung der kurz zuvor mit mehreren Partnern gegr\u00fcndeten <a href=\"..\/initiative\/\" target=\"_blank\" rel=\"noopener\"><strong>Global Marshall Plan Initiative<\/strong><\/a>. Die Stiftung stellt unter anderem das Koordinationsb\u00fcro der Initiative, finanziert die Angestellten, die Website, den Druck mehrerer 100.000 Flyer und Infomaterialien, die Jahrestreffen und die Entwicklung eines Corporate Designs f\u00fcr die Initiative. Sie f\u00f6rdert Einzelpersonen und Gruppen bei der Umsetzung von Projekten zur Bewusstseinsbildung auch finanziell.<\/p>\n<p>Im Herbst 2010 initiierte die Stiftung gemeinsam mit Partnerorganisationen die \u201eHochschultage f\u00fcr \u00d6kosoziale Marktwirtschaft und Nachhaltigkeit\u201c. Seitdem finanziert sie auch eines der Projektb\u00fcros. Mitarbeiter der Stiftung helfen Studierenden und engagierten Gruppen, welche <strong><a href=\"..\/hochschultag\/\" target=\"_blank\" rel=\"noopener\">einen Hochschultag organisieren<\/a><\/strong> wollen, bei der Organisation dieser Informationsveranstaltungen.<\/p>\n<p>Als gemeinn\u00fctzige Stiftung unterst\u00fctzt und bef\u00f6rdert sie au\u00dferdem Aktivit\u00e4ten und Projekte f\u00fcr eine Welt in Balance. Sie stellt aktiven Menschen und Gruppen kostenlose Spendenkonten zur Verf\u00fcgung und \u00fcbernimmt alle Buchhaltungskosten, so dass sich die Aktiven ganz auf ihre Projekte konzentrieren k\u00f6nnen. Wenn die Aktivit\u00e4ten erfolgreich sind, k\u00f6nnen die Aktiven jederzeit eine eigene Rechtsform w\u00e4hlen. Vielen <a href=\"..\/lokalgruppe\/\" target=\"_blank\" rel=\"noopener\"><strong>Gruppen, die lokal agieren,<\/strong><\/a> wird so das Arbeiten wesentlich erleichtert. Die mittlerweile weltweit agierende Kinder- und Jugendinitiative <strong>Plant-for-the-Plane<\/strong><strong>t<\/strong> und die ThinkCamp Initiative konnten mit der Unterst\u00fctzung dieser Leistungen bereits zu eigenst\u00e4ndigen Organisationen wachsen.<\/p><\/div><\/div><\/div><\/div><div class=\"x-section x-hide-lg x-hide-sm x-hide-xl x-hide-xs e2932-e12 m29g-0\"><div class=\"x-container e2932-e13 m29g-2 m29g-3 m29g-5\"><div class=\"x-column x-sm x-1-1 e2932-e14 m29g-6\"><nav class=\"x-crumbs e2932-e15 m29g-8 m29g-c m29g-d\" role=\"navigation\"><ol class=\"x-crumbs-list\" itemscope=\"\" itemtype=\"http:\/\/schema.org\/BreadcrumbList\" aria-label=\"Breadcrumb Navigation\"><li class=\"x-crumbs-list-item\" itemprop=\"itemListElement\" itemscope itemtype=\"http:\/\/schema.org\/ListItem\"><a class=\"x-crumbs-current x-crumbs-link\" itemtype=\"http:\/\/schema.org\/Thing\" itemprop=\"item\" href=\"https:\/\/www.globalmarshallplan.org\/en\/\" title=\"You Are Here\"><span itemprop=\"name\">Home<\/span><\/a><meta itemprop=\"position\" content=\"1\"><\/li><\/ol><\/nav><div class=\"x-text x-text-headline e2932-e16 m29g-f m29g-h m29g-l m29g-m m29g-n\"><div class=\"x-text-content\"><div class=\"x-text-content-text\"><h1 class=\"x-text-content-text-primary\">Die Global Marshall Plan Foundation<\/h1>\n<\/div><\/div><\/div><div class=\"x-text x-text-headline e2932-e17 m29g-h m29g-k m29g-l m29g-o m29g-p\"><div class=\"x-text-content\"><div class=\"x-text-content-text\"><h1 class=\"x-text-content-text-primary\">Anpacken f&uuml;r eine Welt in Balance.<\/h1>\n<\/div><\/div><\/div><hr class=\"x-line e2932-e18 m29g-s m29g-u\"\/><\/div><\/div><div class=\"x-container e2932-e19 m29g-3 m29g-4 m29g-5 architecture-portfolio-featured-work-row\"><div class=\"x-column x-sm x-1-1 e2932-e20 m29g-6 m29g-7 architecture-portfolio-featured-work-image\" data-fade=\"1\" data-x-element=\"column\" data-x-params=\"{&quot;fade&quot;:true}\" style=\"opacity: 0; transform: translate(-, 0); transition-duration: 1s;\"><div class=\"x-text x-content e2932-e21 m29g-v m29g-x m29g-y\"><p>Die Global Marshall Plan Foundation moderiert und koordiniert Prozesse zur Erarbeitung gemeinsamer und ganzheitlicher Visionen zur L&ouml;sung der globalen Probleme, an denen neben Vertretern aus Zivilgesellschaft auch Vertreter aus Wirtschaft und Politik mitwirken.<\/p>\n<p>Gegr&uuml;ndet von Karolin und Frithjof Finkbeiner im Jahre 2003, besteht ihre Hauptaufgabe in der organisatorischen und finanziellen Unterst&uuml;tzung der kurz zuvor mit mehreren Partnern gegr&uuml;ndeten <a href=\"..\/initiative\/\" target=\"_blank\" rel=\"noopener\"><strong>Global Marshall Plan Initiative<\/strong><\/a>. Die Stiftung stellt unter anderem das Koordinationsb&uuml;ro der Initiative, finanziert die Angestellten, die Website, den Druck mehrerer 100.000 Flyer und Infomaterialien, die Jahrestreffen und die Entwicklung eines Corporate Designs f&uuml;r die Initiative. Sie f&ouml;rdert Einzelpersonen und Gruppen bei der Umsetzung von Projekten zur Bewusstseinsbildung auch finanziell.<\/p>\n<p>Im Herbst 2010 initiierte die Stiftung gemeinsam mit Partnerorganisationen die &bdquo;Hochschultage f&uuml;r &Ouml;kosoziale Marktwirtschaft und Nachhaltigkeit&ldquo;. Seitdem finanziert sie auch eines der Projektb&uuml;ros. Mitarbeiter der Stiftung helfen Studierenden und engagierten Gruppen, welche <strong><a href=\"..\/hochschultag\/\" target=\"_blank\" rel=\"noopener\">einen Hochschultag organisieren<\/a><\/strong> wollen, bei der Organisation dieser Informationsveranstaltungen.<\/p>\n<p>Mit der Beteiligung und Co-Finanzierung der Online-Arbeitsplattform smenos schafft die Foundation im Fr&uuml;hjahr 2011 die Voraussetzung f&uuml;r den direkten Austausch von Akteuren untereinander. Dar&uuml;ber hinaus werden Synergien f&uuml;r gemeinsame 'bottom-up'-Projekte verschiedener Netzwerke mit demselben Ziel erm&ouml;glicht.<\/p>\n<p>Als Stiftung unterst&uuml;tzt und bef&ouml;rdert sie au&szlig;erdem Aktivit&auml;ten und Projekte f&uuml;r eine Welt in Balance. Sie stellt aktiven Menschen und Gruppen kostenlose Spendenkonten zur Verf&uuml;gung und &uuml;bernimmt alle Buchhaltungskosten, so dass sich die Aktiven ganz auf ihre Projekte konzentrieren k&ouml;nnen. Wenn die Aktivit&auml;ten erfolgreich sind, k&ouml;nnen die Aktiven jederzeit eine eigene Rechtsform w&auml;hlen. Vielen <a href=\"..\/lokalgruppe\/\" target=\"_blank\" rel=\"noopener\"><strong>Lokal- und Hochschulgruppen<\/strong><\/a> sowie der <strong>Global Marshall Plan Academy<\/strong> wird so das Arbeiten wesentlich erleichtert. Die mittlerweile weltweit agierende Sch&uuml;lerinitiative <a href=\"http:\/\/plant-for-the-planet.org\/de\/\" target=\"_blank\" rel=\"noopener\"><strong>Plant-for-the-Planet<\/strong><\/a> und die ThinkCamp Initiative konnten mit der Unterst&uuml;tzung dieser Leistungen bereits zu eigenst&auml;ndigen Organisationen wachsen.<\/p>\n<p>Ein Teil des jungen und dynamischen <a href=\"..\/team\" target=\"_blank\" rel=\"noopener\"><strong>Teams<\/strong><\/a> der Foundation arbeitet in Hamburg, ein Teil im oberbayerischen Tutzing ganz in der N&auml;he der Stifterfamilie.<\/p><\/div><\/div><\/div><\/div><div class=\"x-section x-hide-lg x-hide-md x-hide-xl e2932-e22 m29g-0\"><div class=\"x-container e2932-e23 m29g-2 m29g-3 m29g-5\"><div class=\"x-column x-sm x-1-1 e2932-e24 m29g-6\"><nav class=\"x-crumbs e2932-e25 m29g-8 m29g-c m29g-e\" role=\"navigation\"><ol class=\"x-crumbs-list\" itemscope=\"\" itemtype=\"http:\/\/schema.org\/BreadcrumbList\" aria-label=\"Breadcrumb Navigation\"><li class=\"x-crumbs-list-item\" itemprop=\"itemListElement\" itemscope itemtype=\"http:\/\/schema.org\/ListItem\"><a class=\"x-crumbs-current x-crumbs-link\" itemtype=\"http:\/\/schema.org\/Thing\" itemprop=\"item\" href=\"https:\/\/www.globalmarshallplan.org\/en\/\" title=\"You Are Here\"><span itemprop=\"name\">Home<\/span><\/a><meta itemprop=\"position\" content=\"1\"><\/li><\/ol><\/nav><div class=\"x-text x-text-headline e2932-e26 m29g-f m29g-h m29g-i m29g-n m29g-q\"><div class=\"x-text-content\"><div class=\"x-text-content-text\"><h1 class=\"x-text-content-text-primary\">Die Global Marshall Plan Foundation<\/h1>\n<\/div><\/div><\/div><div class=\"x-text x-text-headline e2932-e27 m29g-h m29g-k m29g-l m29g-p m29g-r\"><div class=\"x-text-content\"><div class=\"x-text-content-text\"><h1 class=\"x-text-content-text-primary\">Anpacken f&uuml;r eine Welt in Balance.<\/h1>\n<\/div><\/div><\/div><hr class=\"x-line e2932-e28 m29g-s m29g-t\"\/><\/div><\/div><div class=\"x-container e2932-e29 m29g-3 m29g-4 m29g-5 architecture-portfolio-featured-work-row\"><div class=\"x-column x-sm x-1-1 e2932-e30 m29g-6 m29g-7 architecture-portfolio-featured-work-image\" data-fade=\"1\" data-x-element=\"column\" data-x-params=\"{&quot;fade&quot;:true}\" style=\"opacity: 0; transform: translate(-, 0); transition-duration: 1s;\"><div class=\"x-text x-content e2932-e31 m29g-v m29g-y m29g-z\"><p>Die Global Marshall Plan Foundation moderiert und koordiniert Prozesse zur Erarbeitung gemeinsamer und ganzheitlicher Visionen zur L&ouml;sung der globalen Probleme, an denen neben Vertretern aus Zivilgesellschaft auch Vertreter aus Wirtschaft und Politik mitwirken.<\/p>\n<p>Gegr&uuml;ndet von Karolin und Frithjof Finkbeiner im Jahre 2003, besteht ihre Hauptaufgabe in der organisatorischen und finanziellen Unterst&uuml;tzung der kurz zuvor mit mehreren Partnern gegr&uuml;ndeten <a href=\"..\/initiative\/\" target=\"_blank\" rel=\"noopener\"><strong>Global Marshall Plan Initiative<\/strong><\/a>. Die Stiftung stellt unter anderem das Koordinationsb&uuml;ro der Initiative, finanziert die Angestellten, die Website, den Druck mehrerer 100.000 Flyer und Infomaterialien, die Jahrestreffen und die Entwicklung eines Corporate Designs f&uuml;r die Initiative. Sie f&ouml;rdert Einzelpersonen und Gruppen bei der Umsetzung von Projekten zur Bewusstseinsbildung auch finanziell.<\/p>\n<p>Im Herbst 2010 initiierte die Stiftung gemeinsam mit Partnerorganisationen die &bdquo;Hochschultage f&uuml;r &Ouml;kosoziale Marktwirtschaft und Nachhaltigkeit&ldquo;. Seitdem finanziert sie auch eines der Projektb&uuml;ros. Mitarbeiter der Stiftung helfen Studierenden und engagierten Gruppen, welche <strong><a href=\"..\/hochschultag\/\" target=\"_blank\" rel=\"noopener\">einen Hochschultag organisieren<\/a><\/strong> wollen, bei der Organisation dieser Informationsveranstaltungen.<\/p>\n<p>Mit der Beteiligung und Co-Finanzierung der Online-Arbeitsplattform smenos schafft die Foundation im Fr&uuml;hjahr 2011 die Voraussetzung f&uuml;r den direkten Austausch von Akteuren untereinander. Dar&uuml;ber hinaus werden Synergien f&uuml;r gemeinsame 'bottom-up'-Projekte verschiedener Netzwerke mit demselben Ziel erm&ouml;glicht.<\/p>\n<p>Als Stiftung unterst&uuml;tzt und bef&ouml;rdert sie au&szlig;erdem Aktivit&auml;ten und Projekte f&uuml;r eine Welt in Balance. Sie stellt aktiven Menschen und Gruppen kostenlose Spendenkonten zur Verf&uuml;gung und &uuml;bernimmt alle Buchhaltungskosten, so dass sich die Aktiven ganz auf ihre Projekte konzentrieren k&ouml;nnen. Wenn die Aktivit&auml;ten erfolgreich sind, k&ouml;nnen die Aktiven jederzeit eine eigene Rechtsform w&auml;hlen. Vielen <a href=\"..\/lokalgruppe\/\" target=\"_blank\" rel=\"noopener\"><strong>Lokal- und Hochschulgruppen<\/strong><\/a> sowie der <strong>Global Marshall Plan Academy<\/strong> wird so das Arbeiten wesentlich erleichtert. Die mittlerweile weltweit agierende Sch&uuml;lerinitiative <a href=\"http:\/\/plant-for-the-planet.org\/de\/\" target=\"_blank\" rel=\"noopener\"><strong>Plant-for-the-Planet<\/strong><\/a> und die ThinkCamp Initiative konnten mit der Unterst&uuml;tzung dieser Leistungen bereits zu eigenst&auml;ndigen Organisationen wachsen.<\/p>\n<p>Ein Teil des jungen und dynamischen <a href=\"..\/team\" target=\"_blank\" rel=\"noopener\"><strong>Teams<\/strong><\/a> der Foundation arbeitet in Hamburg, ein Teil im oberbayerischen Tutzing ganz in der N&auml;he der Stifterfamilie.<\/p><\/div><\/div><\/div><\/div><\/div>\n","protected":false},"excerpt":{"rendered":"<p>HomeHomeDie Global Marshall Plan Foundation Anpacken f&uuml;r eine Welt in Balance. Die Global Marshall Plan Foundation moderiert und koordiniert Prozesse zur Erarbeitung gemeinsamer und ganzheitlicher Visionen zur L\u00f6sung der globalen Probleme, an denen neben Vertretern aus Zivilgesellschaft auch Vertreter aus &#8230; <a href=\"https:\/\/www.globalmarshallplan.org\/en\/foundation\/\" class=\"more-link\">Read More<\/a><\/p>\n","protected":false},"author":1,"featured_media":0,"parent":0,"menu_order":0,"comment_status":"closed","ping_status":"closed","template":"template-blank-4.php","meta":{"give_campaign_id":0,"footnotes":""},"class_list":["post-2932","page","type-page","status-publish","hentry","no-post-thumbnail"],"campaignId":"","_links":{"self":[{"href":"https:\/\/www.globalmarshallplan.org\/en\/wp-json\/wp\/v2\/pages\/2932","targetHints":{"allow":["GET"]}}],"collection":[{"href":"https:\/\/www.globalmarshallplan.org\/en\/wp-json\/wp\/v2\/pages"}],"about":[{"href":"https:\/\/www.globalmarshallplan.org\/en\/wp-json\/wp\/v2\/types\/page"}],"author":[{"embeddable":true,"href":"https:\/\/www.globalmarshallplan.org\/en\/wp-json\/wp\/v2\/users\/1"}],"replies":[{"embeddable":true,"href":"https:\/\/www.globalmarshallplan.org\/en\/wp-json\/wp\/v2\/comments?post=2932"}],"version-history":[{"count":2,"href":"https:\/\/www.globalmarshallplan.org\/en\/wp-json\/wp\/v2\/pages\/2932\/revisions"}],"predecessor-version":[{"id":5693,"href":"https:\/\/www.globalmarshallplan.org\/en\/wp-json\/wp\/v2\/pages\/2932\/revisions\/5693"}],"wp:attachment":[{"href":"https:\/\/www.globalmarshallplan.org\/en\/wp-json\/wp\/v2\/media?parent=2932"}],"curies":[{"name":"wp","href":"https:\/\/api.w.org\/{rel}","templated":true}]}}