{"id":220,"date":"2018-09-01T00:54:35","date_gmt":"2018-09-01T00:54:35","guid":{"rendered":"https:\/\/www.globalmarshallplan.org\/?page_id=220"},"modified":"2023-02-20T15:37:56","modified_gmt":"2023-02-20T14:37:56","slug":"buch-abo","status":"publish","type":"page","link":"https:\/\/www.globalmarshallplan.org\/en\/buch-abo\/","title":{"rendered":"Begr\u00fcnden Sie Ihre Eigene Zukunftsbibliothek"},"content":{"rendered":"<div id=\"cs-content\" class=\"cs-content\"><\/div>\n","protected":false},"excerpt":{"rendered":"<p>Begr&uuml;nden Sie Ihre Eigene Zukunftsbibliothek Regelm&auml;&szlig;ige Buchsendungen als Dankesch&ouml;n f&uuml;r Ihre Unterst&uuml;tzungMit nur 16 \u20ac im Monat (Sch\u00fcler und Studenten 10 \u20ac) k\u00f6nnen Sie unsere Arbeit wirksam unterst\u00fctzen. Als Dankesch\u00f6n erhalten Sie k\u00fcnftig regelm\u00e4\u00dfig und ohne weitere Kosten relevante Literatur &#8230; <a href=\"https:\/\/www.globalmarshallplan.org\/en\/buch-abo\/\" class=\"more-link\">Read More<\/a><\/p>\n","protected":false},"author":1,"featured_media":0,"parent":0,"menu_order":0,"comment_status":"closed","ping_status":"closed","template":"template-blank-4.php","meta":{"give_campaign_id":0,"footnotes":""},"class_list":["post-220","page","type-page","status-publish","hentry","no-post-thumbnail"],"campaignId":"","_links":{"self":[{"href":"https:\/\/www.globalmarshallplan.org\/en\/wp-json\/wp\/v2\/pages\/220","targetHints":{"allow":["GET"]}}],"collection":[{"href":"https:\/\/www.globalmarshallplan.org\/en\/wp-json\/wp\/v2\/pages"}],"about":[{"href":"https:\/\/www.globalmarshallplan.org\/en\/wp-json\/wp\/v2\/types\/page"}],"author":[{"embeddable":true,"href":"https:\/\/www.globalmarshallplan.org\/en\/wp-json\/wp\/v2\/users\/1"}],"replies":[{"embeddable":true,"href":"https:\/\/www.globalmarshallplan.org\/en\/wp-json\/wp\/v2\/comments?post=220"}],"version-history":[{"count":0,"href":"https:\/\/www.globalmarshallplan.org\/en\/wp-json\/wp\/v2\/pages\/220\/revisions"}],"wp:attachment":[{"href":"https:\/\/www.globalmarshallplan.org\/en\/wp-json\/wp\/v2\/media?parent=220"}],"curies":[{"name":"wp","href":"https:\/\/api.w.org\/{rel}","templated":true}]}}