{"id":200,"date":"2018-08-31T20:00:41","date_gmt":"2018-08-31T20:00:41","guid":{"rendered":"https:\/\/www.globalmarshallplan.org\/?page_id=200"},"modified":"2025-02-21T15:38:28","modified_gmt":"2025-02-21T14:38:28","slug":"impressum","status":"publish","type":"page","link":"https:\/\/www.globalmarshallplan.org\/en\/impressum\/","title":{"rendered":"Impressum"},"content":{"rendered":"<div id=\"cs-content\" class=\"cs-content\"><div class=\"x-section x-hide-md x-hide-sm x-hide-xs e200-e1 m5k-0\"><div class=\"x-container e200-e2 m5k-1 m5k-2 m5k-3\"><div class=\"x-column x-sm x-1-1 e200-e3 m5k-6\"><nav class=\"x-crumbs x-hide-lg e200-e4 m5k-8 m5k-9 m5k-a\" role=\"navigation\"><ol class=\"x-crumbs-list\" itemscope=\"\" itemtype=\"http:\/\/schema.org\/BreadcrumbList\" aria-label=\"Breadcrumb Navigation\"><li class=\"x-crumbs-list-item\" itemprop=\"itemListElement\" itemscope itemtype=\"http:\/\/schema.org\/ListItem\"><a class=\"x-crumbs-current x-crumbs-link\" itemtype=\"http:\/\/schema.org\/Thing\" itemprop=\"item\" href=\"https:\/\/www.globalmarshallplan.org\/en\/\" title=\"You Are Here\"><span itemprop=\"name\">Home<\/span><\/a><meta itemprop=\"position\" content=\"1\"><\/li><\/ol><\/nav><nav class=\"x-crumbs x-hide-xl e200-e5 m5k-8 m5k-a m5k-b\" role=\"navigation\"><ol class=\"x-crumbs-list\" itemscope=\"\" itemtype=\"http:\/\/schema.org\/BreadcrumbList\" aria-label=\"Breadcrumb Navigation\"><li class=\"x-crumbs-list-item\" itemprop=\"itemListElement\" itemscope itemtype=\"http:\/\/schema.org\/ListItem\"><a class=\"x-crumbs-current x-crumbs-link\" itemtype=\"http:\/\/schema.org\/Thing\" itemprop=\"item\" href=\"https:\/\/www.globalmarshallplan.org\/en\/\" title=\"You Are Here\"><span itemprop=\"name\">Home<\/span><\/a><meta itemprop=\"position\" content=\"1\"><\/li><\/ol><\/nav><div class=\"x-text x-text-headline e200-e6 m5k-f m5k-g m5k-h m5k-i m5k-j m5k-k m5k-l m5k-m\"><div class=\"x-text-content\"><div class=\"x-text-content-text\"><h1 class=\"x-text-content-text-primary\">Impressum<\/h1>\n<\/div><\/div><\/div><div class=\"x-text x-text-headline e200-e7 m5k-h m5k-n m5k-o m5k-p m5k-q m5k-r\"><div class=\"x-text-content\"><div class=\"x-text-content-text\"><h1 class=\"x-text-content-text-primary\"><span style=\"vertical-align: inherit;\">Global Marshall Plan Foundation<\/span><\/h1>\n<\/div><\/div><\/div><hr class=\"x-line e200-e8 m5k-13\"\/><\/div><\/div><div class=\"x-container e200-e9 m5k-1 m5k-3 m5k-4 architecture-portfolio-featured-work-row\"><div class=\"x-column x-sm x-1-1 e200-e10 m5k-6 m5k-7 architecture-portfolio-featured-work-image\"><div class=\"x-text x-content e200-e11 m5k-14 m5k-15 m5k-16 m5k-17\"><h3><b>Angaben gem\u00e4\u00df \u00a7 5 TMG:<\/b><\/h3>\n<p><span style=\"font-weight: 400;\">Global Marshall Plan Foundation<\/span><span style=\"font-weight: 400;\"><br \/>\n<\/span><span style=\"font-weight: 400;\">Rosenstra\u00dfe 2<\/span><span style=\"font-weight: 400;\"><br \/>\n<\/span><span style=\"font-weight: 400;\">20095 Hamburg\u00a0<\/span><\/p>\n\n<h3><b>Vertreten durch:<\/b><\/h3>\n<p><span style=\"font-weight: 400;\">Vertretungsberechtigter Vorstand: Karolin Finkbeiner (Vorstandsvorsitzende)<\/span><span style=\"font-weight: 400;\"><br \/>\n<\/span><span style=\"font-weight: 400;\"><br \/>\n<\/span><b>Inhaltlich verantwortlich im Sinne des Presserechts und gem\u00e4\u00df MdStv (Medienstaatsvertrag):<\/b><b><br \/>\n<\/b> <span style=\"font-weight: 400;\">Karolin Finkbeiner<\/span><\/p>\n\n<h3><b>Kontakt:<\/b><\/h3>\n<p><span style=\"font-weight: 400;\">Telefon: 040-82290420 E-Mail: info [at] globalmarshallplan [dot] org<\/span><\/p>\n\n<h3><b>Umsatzsteuer:<\/b><\/h3>\n<p><span style=\"font-weight: 400;\">Umsatzsteuer-Identifikationsnummer gem\u00e4\u00df \u00a727 a Umsatzsteuergesetz:<\/span><span style=\"font-weight: 400;\"><br \/>\n<\/span><span style=\"font-weight: 400;\">DE251306881<\/span><\/p>\n<p><\/p>\n<p><span style=\"font-weight: 400;\">Die Global Marshall Plan Foundation ist eine rechtsf\u00e4hige Stiftung des b\u00fcrgerlichen Rechts und untersteht nach Ma\u00dfgabe der in der Freien und Hansestadt Hamburg geltenden Rechts.\u00a0<\/span><\/p>\n<p><span style=\"font-weight: 400;\">Ihre Spende kann steuerlich geltend gemacht werden. Wir sind als gemeinn\u00fctzige Organisation unter der Steuernummer 17\/409\/01598 nach \u00a7 5 Abs. 1 Nr. 9 des K\u00f6rperschaftsteuergesetzes f\u00fcr alle ausschlie\u00dflich und unmittelbar gemeinn\u00fctzigen, kirchlichen und mildt\u00e4tigen Zwecken dienende Einnahmen von der K\u00f6rperschaftsteuer befreit.<\/span><\/p>\n<p><span style=\"font-weight: 400;\">Die Inhalte unserer Seiten wurden mit gr\u00f6\u00dfter Sorgfalt erstellt. F\u00fcr die Richtigkeit, Vollst\u00e4ndigkeit und Aktualit\u00e4t der Inhalte k\u00f6nnen wir jedoch keine Gew\u00e4hr \u00fcbernehmen.<\/span><span style=\"font-weight: 400;\"><br \/>\n<\/span><span style=\"font-weight: 400;\">Als Diensteanbieterin sind wir gem\u00e4\u00df \u00a7 7 Abs.1 TMG f\u00fcr eigene Inhalte auf diesen Seiten nach den allgemeinen Gesetzen verantwortlich. Diensteanbieter*innen sind jedoch nicht verpflichtet, die von ihnen \u00fcbermittelten oder gespeicherten fremden Informationen zu \u00fcberwachen oder nach Umst\u00e4nden zu forschen, die auf eine rechtswidrige T\u00e4tigkeit hinweisen. Verpflichtungen zur Entfernung oder Sperrung der Nutzung von Informationen nach den allgemeinen Gesetzen bleiben hiervon unber\u00fchrt.<\/span><span style=\"font-weight: 400;\"><br \/>\n<\/span><span style=\"font-weight: 400;\">Eine diesbez\u00fcgliche Haftung ist jedoch erst ab dem Zeitpunkt der Kenntnis einer konkreten Rechtsverletzung m\u00f6glich. Bei Bekanntwerden von entsprechenden Rechtsverletzungen werden wir diese Inhalte umgehend entfernen.<\/span><\/p>\n<p><span style=\"font-weight: 400;\">Das Impressum gilt sowohl f\u00fcr diese Seite als auch f\u00fcr unsere Facebook-Seite von \"<\/span><a href=\"https:\/\/www.facebook.com\/GlobalMarshallPlan\"><span style=\"font-weight: 400;\">Global Marshall Plan<\/span><\/a><span style=\"font-weight: 400;\">\" sowie f\u00fcr die Instagram-Seite von \"<\/span><a href=\"https:\/\/www.instagram.com\/balance_the_world\/\"><span style=\"font-weight: 400;\">Global Marshall Plan<\/span><\/a><span style=\"font-weight: 400;\">\"<\/span><\/p>\n<p><b>Zust\u00e4ndige Aufsichtsbeh\u00f6rde f\u00fcr das Angebot audiovisueller Mediendienste:<\/b><span style=\"font-weight: 400;\"><br \/>\n<\/span><span style=\"font-weight: 400;\">Medienanstalt Hamburg\/Schleswig-Holstein (MA HSH)<\/span><span style=\"font-weight: 400;\"><br \/>\n<\/span><span style=\"font-weight: 400;\">Anstalt des \u00f6ffentlichen Rechts<\/span><span style=\"font-weight: 400;\"><br \/>\n<\/span><span style=\"font-weight: 400;\">Rathausallee 72-76<\/span><span style=\"font-weight: 400;\"><br \/>\n<\/span><span style=\"font-weight: 400;\">22846 Norderstedt<\/span><span style=\"font-weight: 400;\"><br \/>\n<\/span><a href=\"https:\/\/www.ma-hsh.de\/\"><span style=\"font-weight: 400;\">https:\/\/www.ma-hsh.de\/<\/span><\/a><\/p>\n<p><b>Haftungshinweis:<\/b><b><br \/>\n<\/b><span style=\"font-weight: 400;\">Trotz sorgf\u00e4ltiger inhaltlicher Kontrolle \u00fcbernehmen wir keine Haftung f\u00fcr die Inhalte externer Links. F\u00fcr den Inhalt der verlinkten Seiten sind ausschlie\u00dflich deren Betreiber*in verantwortlich.<\/span><\/p><\/div><hr class=\"x-line e200-e12 m5k-1c\"\/><div class=\"x-text x-text-headline e200-e13 m5k-f m5k-h m5k-j m5k-l m5k-p m5k-q m5k-r m5k-s m5k-t\"><div class=\"x-text-content\"><div class=\"x-text-content-text\"><h1 class=\"x-text-content-text-primary\">Spendenkonto<\/h1>\n<h2 class=\"x-text-content-text-subheadline\"><span style=\"vertical-align: inherit;\">Der Global Marshall Plan Initiative bei der Foundation:<\/span><\/h2><\/div><\/div><\/div><div class=\"x-text x-content e200-e14 m5k-14 m5k-17 m5k-18 m5k-19\"><p><strong>Sozialbank<\/strong><br \/>\nBLZ: 70020500<br \/>\nKtoNr: 212000<\/p>\n<p><strong>International:<\/strong><br \/>\nIBAN DE90 7002 0500 0000 2120 00<br \/>\nBIC\/SWIFT BFSWDE33MUE<\/p><\/div><\/div><\/div><\/div><div class=\"x-section x-hide-lg x-hide-sm x-hide-xl x-hide-xs e200-e15 m5k-0\"><div class=\"x-container e200-e16 m5k-2 m5k-3 m5k-5\"><div class=\"x-column x-sm x-1-1 e200-e17 m5k-6\"><nav class=\"x-crumbs e200-e18 m5k-8 m5k-c m5k-d\" role=\"navigation\"><ol class=\"x-crumbs-list\" itemscope=\"\" itemtype=\"http:\/\/schema.org\/BreadcrumbList\" aria-label=\"Breadcrumb Navigation\"><li class=\"x-crumbs-list-item\" itemprop=\"itemListElement\" itemscope itemtype=\"http:\/\/schema.org\/ListItem\"><a class=\"x-crumbs-current x-crumbs-link\" itemtype=\"http:\/\/schema.org\/Thing\" itemprop=\"item\" href=\"https:\/\/www.globalmarshallplan.org\/en\/\" title=\"You Are Here\"><span itemprop=\"name\">Home<\/span><\/a><meta itemprop=\"position\" content=\"1\"><\/li><\/ol><\/nav><div class=\"x-text x-text-headline e200-e19 m5k-f m5k-h m5k-i m5k-j m5k-m m5k-q m5k-u m5k-v\"><div class=\"x-text-content\"><div class=\"x-text-content-text\"><h1 class=\"x-text-content-text-primary\">Impressum<\/h1>\n<\/div><\/div><\/div><div class=\"x-text x-text-headline e200-e20 m5k-h m5k-o m5k-q m5k-r m5k-w m5k-x m5k-y\"><div class=\"x-text-content\"><div class=\"x-text-content-text\"><h1 class=\"x-text-content-text-primary\"><span style=\"vertical-align: inherit;\">Global Marshall Plan Foundation<\/span><\/h1>\n<\/div><\/div><\/div><hr class=\"x-line e200-e21 m5k-13\"\/><\/div><\/div><div class=\"x-container e200-e22 m5k-3 m5k-4 m5k-5 architecture-portfolio-featured-work-row\"><div class=\"x-column x-sm x-1-1 e200-e23 m5k-6 m5k-7 architecture-portfolio-featured-work-image\"><div class=\"x-text x-content e200-e24 m5k-14 m5k-15 m5k-16 m5k-1a\"><p>Frithjof Finkbeiner<\/p>\n<p>Rosenstra&szlig;e 2<br \/>20095 Hamburg<br \/>Deutschland<\/p>\n<p>Tel.: +49 (0)40 822 90 420<br \/>Fax: +49 (0)40 822 90 421<\/p>\n<p>info[at]globalmarshallplan.org<br \/><span style=\"font-size: 1em; letter-spacing: 0em;\">www.globalmarshallplan.org<\/span><\/p>\n<p>USt.-ID-Nr.: DE 251306881<\/p>\n<p>Betreuung der Webseite: Koordinationsb&uuml;ro Hamburg<\/p><\/div><hr class=\"x-line e200-e25 m5k-1c\"\/><div class=\"x-text x-text-headline x-hide-xl e200-e26 m5k-h m5k-j m5k-l m5k-m m5k-q m5k-r m5k-t m5k-x m5k-y m5k-z\"><div class=\"x-text-content\"><div class=\"x-text-content-text\"><h1 class=\"x-text-content-text-primary\">Spendenkonto<\/h1>\n<h2 class=\"x-text-content-text-subheadline\"><span style=\"vertical-align: inherit;\">Der Global Marshall Plan Initiative bei der Foundation:<\/span><\/h2><\/div><\/div><\/div><div class=\"x-text x-content e200-e27 m5k-14 m5k-15 m5k-19 m5k-1a\"><p><strong>Sozialbank<\/strong><br \/>BLZ: 70020500<br \/>KtoNr: 212000<\/p>\n<p><strong>International:<\/strong><br \/>IBAN DE90 7002 0500 0000 2120 00<br \/>BIC\/SWIFT BFSWDE33MUE<\/p>\n<p><strong>Haftungshinweis<\/strong><\/p>\n<p>Die Global Marshall Plan Initiative ist als Inhaltsanbieter nach &sect; 5 Abs.1 Mediendienste-Staatsvertrag f&uuml;r die &bdquo;eigenen Inhalte&ldquo;, die sie zur Nutzung bereith&auml;lt, verantwortlich.<\/p>\n<p>Von diesen eigenen Inhalten sind Querverweise (&bdquo;Links&ldquo;) auf die von anderen Anbietern bereitgehaltenen Inhalte zu unterscheiden. F&uuml;r diese fremden Inhalte ist die Global Marshall Plan Initiative nur dann verantwortlich, wenn sie von ihnen (d.h. auch von einem rechtswidrigen bzw. strafbaren Inhalt) positive Kenntnis hat und es ihr technisch m&ouml;glich und zumutbar ist, deren Nutzung zu verhindern (&sect; 5 Abs. 2 Mediendienste-Staatsvertrag).<\/p>\n<p>Solche rechtswidrigen Inhalte sind der Global Marshall Plan Initiative zum Zeitpunkt der Linksetzung nicht bekannt geworden.<\/p>\n<p>Alle Inhalte dienen ausschlie&szlig;lich der allgemeinen Information. F&uuml;r die Korrektheit und Vollst&auml;ndigkeit der Inhalte wird keine Garantie &uuml;bernommen. Jegliche Verwendung der angebotenen Informationen geschieht auf eigenes Risiko des Nutzers.<\/p>\n<p>Die Global Marshall Plan Initiative &uuml;bernimmt hierf&uuml;r &ndash; vorbehaltlich zwingender gesetzlicher Vorschriften &ndash; keine Haftung, dies gilt insbesondere f&uuml;r Schadensersatz. Alle Texte, Bilder und Grafiken sowie das Layout dieser Website unterliegen dem Urheberrecht.<\/p>\n<p>Die Verwendung durch Dritte bedarf der Genehmigung durch die Global Marshall Plan Initiative, es sei denn auf dieses Recht wird seitens der Stiftung ausdr&uuml;cklich verzichtet.<\/p><\/div><\/div><\/div><\/div><div class=\"x-section x-hide-lg x-hide-md x-hide-xl e200-e28 m5k-0\"><div class=\"x-container e200-e29 m5k-2 m5k-3 m5k-5\"><div class=\"x-column x-sm x-1-1 e200-e30 m5k-6\"><nav class=\"x-crumbs e200-e31 m5k-8 m5k-c m5k-e\" role=\"navigation\"><ol class=\"x-crumbs-list\" itemscope=\"\" itemtype=\"http:\/\/schema.org\/BreadcrumbList\" aria-label=\"Breadcrumb Navigation\"><li class=\"x-crumbs-list-item\" itemprop=\"itemListElement\" itemscope itemtype=\"http:\/\/schema.org\/ListItem\"><a class=\"x-crumbs-current x-crumbs-link\" itemtype=\"http:\/\/schema.org\/Thing\" itemprop=\"item\" href=\"https:\/\/www.globalmarshallplan.org\/en\/\" title=\"You Are Here\"><span itemprop=\"name\">Home<\/span><\/a><meta itemprop=\"position\" content=\"1\"><\/li><\/ol><\/nav><div class=\"x-text x-text-headline e200-e32 m5k-f m5k-h m5k-i m5k-j m5k-k m5k-l m5k-m m5k-v m5k-10\"><div class=\"x-text-content\"><div class=\"x-text-content-text\"><h1 class=\"x-text-content-text-primary\">Impressum<\/h1>\n<\/div><\/div><\/div><div class=\"x-text x-text-headline e200-e33 m5k-h m5k-o m5k-q m5k-r m5k-x m5k-11 m5k-12\"><div class=\"x-text-content\"><div class=\"x-text-content-text\"><h1 class=\"x-text-content-text-primary\"><span style=\"vertical-align: inherit;\">Global Marshall Plan Foundation<\/span><\/h1>\n<\/div><\/div><\/div><hr class=\"x-line e200-e34 m5k-13\"\/><\/div><\/div><div class=\"x-container e200-e35 m5k-3 m5k-4 m5k-5 architecture-portfolio-featured-work-row\"><div class=\"x-column x-sm x-1-1 e200-e36 m5k-6 m5k-7 architecture-portfolio-featured-work-image\"><div class=\"x-text x-content e200-e37 m5k-14 m5k-16 m5k-1a m5k-1b\"><p>Frithjof Finkbeiner<\/p>\n<p>Rosenstra&szlig;e 2<br \/>20095 Hamburg<br \/>Deutschland<\/p>\n<p>Tel.: +49 (0)40 822 90 420<br \/>Fax: +49 (0)40 822 90 421<\/p>\n<p>info[at]globalmarshallplan.org<br \/><span style=\"font-size: 1em; letter-spacing: 0em;\">www.globalmarshallplan.org<\/span><\/p>\n<p>USt.-ID-Nr.: DE 251306881<\/p>\n<p>Betreuung der Webseite: Koordinationsb&uuml;ro Hamburg<\/p><\/div><hr class=\"x-line e200-e38 m5k-1c\"\/><div class=\"x-text x-text-headline x-hide-xl e200-e39 m5k-h m5k-j m5k-l m5k-m m5k-q m5k-r m5k-t m5k-x m5k-z m5k-12\"><div class=\"x-text-content\"><div class=\"x-text-content-text\"><h1 class=\"x-text-content-text-primary\">Spendenkonto<\/h1>\n<h2 class=\"x-text-content-text-subheadline\"><span style=\"vertical-align: inherit;\">Der Global Marshall Plan Initiative bei der Foundation:<\/span><\/h2><\/div><\/div><\/div><div class=\"x-text x-content e200-e40 m5k-14 m5k-19 m5k-1a m5k-1b\"><p><strong>Sozialbank<\/strong><br \/>BLZ: 70020500<br \/>KtoNr: 212000<\/p>\n<p><strong>International:<\/strong><br \/>IBAN DE90 7002 0500 0000 2120 00<br \/>BIC\/SWIFT BFSWDE33MUE<\/p>\n<p><strong>Haftungshinweis<\/strong><\/p>\n<p>Die Global Marshall Plan Initiative ist als Inhaltsanbieter nach &sect; 5 Abs.1 Mediendienste-Staatsvertrag f&uuml;r die &bdquo;eigenen Inhalte&ldquo;, die sie zur Nutzung bereith&auml;lt, verantwortlich.<\/p>\n<p>Von diesen eigenen Inhalten sind Querverweise (&bdquo;Links&ldquo;) auf die von anderen Anbietern bereitgehaltenen Inhalte zu unterscheiden. F&uuml;r diese fremden Inhalte ist die Global Marshall Plan Initiative nur dann verantwortlich, wenn sie von ihnen (d.h. auch von einem rechtswidrigen bzw. strafbaren Inhalt) positive Kenntnis hat und es ihr technisch m&ouml;glich und zumutbar ist, deren Nutzung zu verhindern (&sect; 5 Abs. 2 Mediendienste-Staatsvertrag).<\/p>\n<p>Solche rechtswidrigen Inhalte sind der Global Marshall Plan Initiative zum Zeitpunkt der Linksetzung nicht bekannt geworden.<\/p>\n<p>Alle Inhalte dienen ausschlie&szlig;lich der allgemeinen Information. F&uuml;r die Korrektheit und Vollst&auml;ndigkeit der Inhalte wird keine Garantie &uuml;bernommen. Jegliche Verwendung der angebotenen Informationen geschieht auf eigenes Risiko des Nutzers.<\/p>\n<p>Die Global Marshall Plan Initiative &uuml;bernimmt hierf&uuml;r &ndash; vorbehaltlich zwingender gesetzlicher Vorschriften &ndash; keine Haftung, dies gilt insbesondere f&uuml;r Schadensersatz. Alle Texte, Bilder und Grafiken sowie das Layout dieser Website unterliegen dem Urheberrecht.<\/p>\n<p>Die Verwendung durch Dritte bedarf der Genehmigung durch die Global Marshall Plan Initiative, es sei denn auf dieses Recht wird seitens der Stiftung ausdr&uuml;cklich verzichtet.<\/p><\/div><\/div><\/div><\/div><\/div>\n","protected":false},"excerpt":{"rendered":"<p>HomeHomeImpressum Global Marshall Plan Foundation Angaben gem\u00e4\u00df \u00a7 5 TMG: Global Marshall Plan Foundation Rosenstra\u00dfe 2 20095 Hamburg\u00a0 Vertreten durch: Vertretungsberechtigter Vorstand: Karolin Finkbeiner (Vorstandsvorsitzende) Inhaltlich verantwortlich im Sinne des Presserechts und gem\u00e4\u00df MdStv (Medienstaatsvertrag): Karolin Finkbeiner Kontakt: Telefon: 040-82290420 &#8230; <a href=\"https:\/\/www.globalmarshallplan.org\/en\/impressum\/\" class=\"more-link\">Read More<\/a><\/p>\n","protected":false},"author":1,"featured_media":0,"parent":0,"menu_order":0,"comment_status":"closed","ping_status":"closed","template":"template-blank-4.php","meta":{"give_campaign_id":0,"footnotes":""},"class_list":["post-200","page","type-page","status-publish","hentry","no-post-thumbnail"],"campaignId":"","_links":{"self":[{"href":"https:\/\/www.globalmarshallplan.org\/en\/wp-json\/wp\/v2\/pages\/200","targetHints":{"allow":["GET"]}}],"collection":[{"href":"https:\/\/www.globalmarshallplan.org\/en\/wp-json\/wp\/v2\/pages"}],"about":[{"href":"https:\/\/www.globalmarshallplan.org\/en\/wp-json\/wp\/v2\/types\/page"}],"author":[{"embeddable":true,"href":"https:\/\/www.globalmarshallplan.org\/en\/wp-json\/wp\/v2\/users\/1"}],"replies":[{"embeddable":true,"href":"https:\/\/www.globalmarshallplan.org\/en\/wp-json\/wp\/v2\/comments?post=200"}],"version-history":[{"count":2,"href":"https:\/\/www.globalmarshallplan.org\/en\/wp-json\/wp\/v2\/pages\/200\/revisions"}],"predecessor-version":[{"id":5707,"href":"https:\/\/www.globalmarshallplan.org\/en\/wp-json\/wp\/v2\/pages\/200\/revisions\/5707"}],"wp:attachment":[{"href":"https:\/\/www.globalmarshallplan.org\/en\/wp-json\/wp\/v2\/media?parent=200"}],"curies":[{"name":"wp","href":"https:\/\/api.w.org\/{rel}","templated":true}]}}